{"id":28,"date":"2023-10-30T19:42:46","date_gmt":"2023-10-30T18:42:46","guid":{"rendered":"https:\/\/juanfranco.studio\/?page_id=28"},"modified":"2025-06-06T15:50:02","modified_gmt":"2025-06-06T13:50:02","slug":"acerca-de","status":"publish","type":"page","link":"https:\/\/juanfranco.studio\/?page_id=28","title":{"rendered":"acerca de"},"content":{"rendered":"\t\t<div data-elementor-type=\"wp-page\" data-elementor-id=\"28\" class=\"elementor elementor-28\" data-elementor-post-type=\"page\">\n\t\t\t\t<div class=\"elementor-element elementor-element-ea8bca1 e-flex e-con-boxed e-con e-parent\" data-id=\"ea8bca1\" data-element_type=\"container\" data-e-type=\"container\">\n\t\t\t\t\t<div class=\"e-con-inner\">\n\t\t<div class=\"elementor-element elementor-element-3ee4fb94 e-con-full e-flex e-con e-child\" data-id=\"3ee4fb94\" data-element_type=\"container\" data-e-type=\"container\">\n\t\t\t\t<div class=\"elementor-element elementor-element-1128cd2a elementor-widget elementor-widget-heading\" data-id=\"1128cd2a\" data-element_type=\"widget\" data-e-type=\"widget\" data-widget_type=\"heading.default\">\n\t\t\t\t<div class=\"elementor-widget-container\">\n\t\t\t\t\t<h2 class=\"elementor-heading-title elementor-size-default\"><span style=\"font-size: 35px\">Franco<\/span><\/h2>\t\t\t\t<\/div>\n\t\t\t\t<\/div>\n\t\t\t\t<\/div>\n\t\t<div class=\"elementor-element elementor-element-1323778b e-con-full e-flex e-con e-child\" data-id=\"1323778b\" data-element_type=\"container\" data-e-type=\"container\">\n\t\t\t\t<\/div>\n\t\t<div class=\"elementor-element elementor-element-42077476 e-con-full e-flex e-con e-child\" data-id=\"42077476\" data-element_type=\"container\" data-e-type=\"container\">\n\t\t\t\t<div class=\"elementor-element elementor-element-506fa5a9 elementor-nav-menu__align-start elementor-nav-menu__text-align-center elementor-nav-menu--dropdown-tablet elementor-nav-menu--toggle elementor-nav-menu--burger elementor-widget elementor-widget-nav-menu\" data-id=\"506fa5a9\" data-element_type=\"widget\" data-e-type=\"widget\" data-settings=\"{&quot;submenu_icon&quot;:{&quot;value&quot;:&quot;&lt;svg class=\\&quot;e-font-icon-svg e-fas-angle-down\\&quot; viewBox=\\&quot;0 0 320 512\\&quot; xmlns=\\&quot;http:\\\/\\\/www.w3.org\\\/2000\\\/svg\\&quot;&gt;&lt;path d=\\&quot;M143 352.3L7 216.3c-9.4-9.4-9.4-24.6 0-33.9l22.6-22.6c9.4-9.4 24.6-9.4 33.9 0l96.4 96.4 96.4-96.4c9.4-9.4 24.6-9.4 33.9 0l22.6 22.6c9.4 9.4 9.4 24.6 0 33.9l-136 136c-9.2 9.4-24.4 9.4-33.8 0z\\&quot;&gt;&lt;\\\/path&gt;&lt;\\\/svg&gt;&quot;,&quot;library&quot;:&quot;fa-solid&quot;},&quot;layout&quot;:&quot;horizontal&quot;,&quot;toggle&quot;:&quot;burger&quot;}\" data-widget_type=\"nav-menu.default\">\n\t\t\t\t<div class=\"elementor-widget-container\">\n\t\t\t\t\t\t\t\t<nav aria-label=\"Men\u00fa\" class=\"elementor-nav-menu--main elementor-nav-menu__container elementor-nav-menu--layout-horizontal e--pointer-none\">\n\t\t\t\t<ul id=\"menu-1-506fa5a9\" class=\"elementor-nav-menu\"><li class=\"menu-item menu-item-type-post_type menu-item-object-page menu-item-home menu-item-646\"><a href=\"https:\/\/juanfranco.studio\/\" class=\"elementor-item\">home<\/a><\/li>\n<li class=\"menu-item menu-item-type-post_type menu-item-object-page menu-item-has-children menu-item-674\"><a href=\"https:\/\/juanfranco.studio\/?page_id=672\" class=\"elementor-item\">galer\u00eda<\/a>\n<ul class=\"sub-menu elementor-nav-menu--dropdown\">\n\t<li class=\"menu-item menu-item-type-post_type menu-item-object-page menu-item-1684\"><a href=\"https:\/\/juanfranco.studio\/?page_id=1654\" class=\"elementor-sub-item\">Museo V\u00edctor Balaguer<\/a><\/li>\n\t<li class=\"menu-item menu-item-type-post_type menu-item-object-page menu-item-675\"><a href=\"https:\/\/juanfranco.studio\/?page_id=640\" class=\"elementor-sub-item\">Museu Romantico Can Papiol<\/a><\/li>\n\t<li class=\"menu-item menu-item-type-post_type menu-item-object-page menu-item-653\"><a href=\"https:\/\/juanfranco.studio\/?page_id=642\" class=\"elementor-sub-item\">Mas\u00eda de en Cabanyes<\/a><\/li>\n\t<li class=\"menu-item menu-item-type-post_type menu-item-object-page menu-item-1753\"><a href=\"https:\/\/juanfranco.studio\/?page_id=1747\" class=\"elementor-sub-item\">Alhambra de Granada<\/a><\/li>\n\t<li class=\"menu-item menu-item-type-post_type menu-item-object-page menu-item-774\"><a href=\"https:\/\/juanfranco.studio\/?page_id=765\" class=\"elementor-sub-item\">Arquitectura<\/a><\/li>\n<\/ul>\n<\/li>\n<li class=\"menu-item menu-item-type-post_type menu-item-object-page menu-item-647\"><a href=\"https:\/\/juanfranco.studio\/?page_id=28\" class=\"elementor-item\">acerca de<\/a><\/li>\n<li class=\"menu-item menu-item-type-post_type menu-item-object-page menu-item-648\"><a href=\"https:\/\/juanfranco.studio\/?page_id=311\" class=\"elementor-item\">contacto<\/a><\/li>\n<\/ul>\t\t\t<\/nav>\n\t\t\t\t\t<div class=\"elementor-menu-toggle\" role=\"button\" tabindex=\"0\" aria-label=\"Alternar men\u00fa\" aria-expanded=\"false\">\n\t\t\t<svg aria-hidden=\"true\" role=\"presentation\" class=\"elementor-menu-toggle__icon--open e-font-icon-svg e-eicon-menu-bar\" viewBox=\"0 0 1000 1000\" xmlns=\"http:\/\/www.w3.org\/2000\/svg\"><path d=\"M104 333H896C929 333 958 304 958 271S929 208 896 208H104C71 208 42 237 42 271S71 333 104 333ZM104 583H896C929 583 958 554 958 521S929 458 896 458H104C71 458 42 487 42 521S71 583 104 583ZM104 833H896C929 833 958 804 958 771S929 708 896 708H104C71 708 42 737 42 771S71 833 104 833Z\"><\/path><\/svg><svg aria-hidden=\"true\" role=\"presentation\" class=\"elementor-menu-toggle__icon--close e-font-icon-svg e-eicon-close\" viewBox=\"0 0 1000 1000\" xmlns=\"http:\/\/www.w3.org\/2000\/svg\"><path d=\"M742 167L500 408 258 167C246 154 233 150 217 150 196 150 179 158 167 167 154 179 150 196 150 212 150 229 154 242 171 254L408 500 167 742C138 771 138 800 167 829 196 858 225 858 254 829L496 587 738 829C750 842 767 846 783 846 800 846 817 842 829 829 842 817 846 804 846 783 846 767 842 750 829 737L588 500 833 258C863 229 863 200 833 171 804 137 775 137 742 167Z\"><\/path><\/svg>\t\t<\/div>\n\t\t\t\t\t<nav class=\"elementor-nav-menu--dropdown elementor-nav-menu__container\" aria-hidden=\"true\">\n\t\t\t\t<ul id=\"menu-2-506fa5a9\" class=\"elementor-nav-menu\"><li class=\"menu-item menu-item-type-post_type menu-item-object-page menu-item-home menu-item-646\"><a href=\"https:\/\/juanfranco.studio\/\" class=\"elementor-item\" tabindex=\"-1\">home<\/a><\/li>\n<li class=\"menu-item menu-item-type-post_type menu-item-object-page menu-item-has-children menu-item-674\"><a href=\"https:\/\/juanfranco.studio\/?page_id=672\" class=\"elementor-item\" tabindex=\"-1\">galer\u00eda<\/a>\n<ul class=\"sub-menu elementor-nav-menu--dropdown\">\n\t<li class=\"menu-item menu-item-type-post_type menu-item-object-page menu-item-1684\"><a href=\"https:\/\/juanfranco.studio\/?page_id=1654\" class=\"elementor-sub-item\" tabindex=\"-1\">Museo V\u00edctor Balaguer<\/a><\/li>\n\t<li class=\"menu-item menu-item-type-post_type menu-item-object-page menu-item-675\"><a href=\"https:\/\/juanfranco.studio\/?page_id=640\" class=\"elementor-sub-item\" tabindex=\"-1\">Museu Romantico Can Papiol<\/a><\/li>\n\t<li class=\"menu-item menu-item-type-post_type menu-item-object-page menu-item-653\"><a href=\"https:\/\/juanfranco.studio\/?page_id=642\" class=\"elementor-sub-item\" tabindex=\"-1\">Mas\u00eda de en Cabanyes<\/a><\/li>\n\t<li class=\"menu-item menu-item-type-post_type menu-item-object-page menu-item-1753\"><a href=\"https:\/\/juanfranco.studio\/?page_id=1747\" class=\"elementor-sub-item\" tabindex=\"-1\">Alhambra de Granada<\/a><\/li>\n\t<li class=\"menu-item menu-item-type-post_type menu-item-object-page menu-item-774\"><a href=\"https:\/\/juanfranco.studio\/?page_id=765\" class=\"elementor-sub-item\" tabindex=\"-1\">Arquitectura<\/a><\/li>\n<\/ul>\n<\/li>\n<li class=\"menu-item menu-item-type-post_type menu-item-object-page menu-item-647\"><a href=\"https:\/\/juanfranco.studio\/?page_id=28\" class=\"elementor-item\" tabindex=\"-1\">acerca de<\/a><\/li>\n<li class=\"menu-item menu-item-type-post_type menu-item-object-page menu-item-648\"><a href=\"https:\/\/juanfranco.studio\/?page_id=311\" class=\"elementor-item\" tabindex=\"-1\">contacto<\/a><\/li>\n<\/ul>\t\t\t<\/nav>\n\t\t\t\t\t\t<\/div>\n\t\t\t\t<\/div>\n\t\t\t\t<\/div>\n\t\t\t\t\t<\/div>\n\t\t\t\t<\/div>\n\t\t<div class=\"elementor-element elementor-element-db29155 e-flex e-con-boxed e-con e-parent\" data-id=\"db29155\" data-element_type=\"container\" data-e-type=\"container\">\n\t\t\t\t\t<div class=\"e-con-inner\">\n\t\t<div class=\"elementor-element elementor-element-1f049b3 e-con-full e-flex e-con e-child\" data-id=\"1f049b3\" data-element_type=\"container\" data-e-type=\"container\">\n\t\t\t\t<\/div>\n\t\t<div class=\"elementor-element elementor-element-f541841 e-con-full e-flex e-con e-child\" data-id=\"f541841\" data-element_type=\"container\" data-e-type=\"container\">\n\t\t\t\t<div class=\"elementor-element elementor-element-4dd0672 elementor-widget elementor-widget-spacer\" data-id=\"4dd0672\" data-element_type=\"widget\" data-e-type=\"widget\" data-widget_type=\"spacer.default\">\n\t\t\t\t<div class=\"elementor-widget-container\">\n\t\t\t\t\t\t\t<div class=\"elementor-spacer\">\n\t\t\t<div class=\"elementor-spacer-inner\"><\/div>\n\t\t<\/div>\n\t\t\t\t\t\t<\/div>\n\t\t\t\t<\/div>\n\t\t\t\t<div class=\"elementor-element elementor-element-f09457b elementor-widget elementor-widget-image\" data-id=\"f09457b\" data-element_type=\"widget\" data-e-type=\"widget\" data-widget_type=\"image.default\">\n\t\t\t\t<div class=\"elementor-widget-container\">\n\t\t\t\t\t\t\t\t\t\t\t\t\t\t\t<img fetchpriority=\"high\" decoding=\"async\" width=\"244\" height=\"300\" src=\"https:\/\/juanfranco.studio\/wp-content\/uploads\/2023\/11\/Juan-Franco-2-244x300-1.jpg\" class=\"attachment-large size-large wp-image-490\" alt=\"\" \/>\t\t\t\t\t\t\t\t\t\t\t\t\t\t\t<\/div>\n\t\t\t\t<\/div>\n\t\t\t\t<\/div>\n\t\t<div class=\"elementor-element elementor-element-22ae63d e-con-full e-flex e-con e-child\" data-id=\"22ae63d\" data-element_type=\"container\" data-e-type=\"container\">\n\t\t\t\t<\/div>\n\t\t<div class=\"elementor-element elementor-element-55d0af0 e-con-full e-flex e-con e-child\" data-id=\"55d0af0\" data-element_type=\"container\" data-e-type=\"container\">\n\t\t\t\t<div class=\"elementor-element elementor-element-e2550c3 elementor-widget elementor-widget-heading\" data-id=\"e2550c3\" data-element_type=\"widget\" data-e-type=\"widget\" data-widget_type=\"heading.default\">\n\t\t\t\t<div class=\"elementor-widget-container\">\n\t\t\t\t\t<h5 class=\"elementor-heading-title elementor-size-medium\">Su larga experiencia y destreza para dar vida a la visi\u00f3n de dise\u00f1adores y arquitectos, le ha llevado a trabajar en proyectos por distintas partes del mundo para importantes cadenas hoteleras, instituciones p\u00fablicas y privadas, embarcaciones particulares, restaurantes y diferentes corporaciones. Destaca su versatilidad a la hora de adaptarse a cualquier espacio, ya sea industrial, comercial o residencial.<br> <br>\nEn su obra no pasa desapercibida su pasi\u00f3n por la belleza, el dise\u00f1o y el detallismo en los interiores. Cuida minuciosamente la composici\u00f3n y los juegos de luces, trabajando mano a mano con la luz y la perspectiva para captar el car\u00e1cter y la atm\u00f3sfera del espacio. En cada instant\u00e1nea logra alcanzar una narrativa visual, que conecta al espectador con la sensibilidad que desprende ese lugar.<br>\n<br>\nAdem\u00e1s de ser un fot\u00f3grafo especializado en interiorismo y arquitectura, sus servicios abarcan desde la fotograf\u00eda de producto, de espacios de trabajo, cobertura de eventos y contenido fotogr\u00e1fico para redes sociales corporativas. <br><\/h5>\t\t\t\t<\/div>\n\t\t\t\t<\/div>\n\t\t\t\t<\/div>\n\t\t<div class=\"elementor-element elementor-element-9994c87 e-con-full e-flex e-con e-child\" data-id=\"9994c87\" data-element_type=\"container\" data-e-type=\"container\">\n\t\t\t\t<div class=\"elementor-element elementor-element-884ad1f elementor-widget elementor-widget-heading\" data-id=\"884ad1f\" data-element_type=\"widget\" data-e-type=\"widget\" data-widget_type=\"heading.default\">\n\t\t\t\t<div class=\"elementor-widget-container\">\n\t\t\t\t\t<h5 class=\"elementor-heading-title elementor-size-medium\">His long experience and skill in bringing to life the vision of designers and architects has led him to work on projects around the world for major hotel chains, public and private institutions, private boats, restaurants and different corporations. His versatility stands out when it comes to adapting to any space, whether industrial, commercial or residential.\n <br>\n<br>\nIn his work, his passion for beauty, design and detail in interiors does not go unnoticed. He takes meticulous care of the composition and the play of light, working hand in hand with light and perspective to capture the character and atmosphere of the space. In each snapshot he manages to achieve a visual narrative, which connects the viewer with the sensitivity of the place.\n<br><br>\n\n\nIn addition to being a photographer specializing in interior design and architecture, his services range from product photography, workspace photography, event coverage and photographic content for corporate social networks.<br><\/h5>\t\t\t\t<\/div>\n\t\t\t\t<\/div>\n\t\t\t\t<\/div>\n\t\t\t\t\t<\/div>\n\t\t\t\t<\/div>\n\t\t\t\t<\/div>\n\t\t","protected":false},"excerpt":{"rendered":"<p>Franco Su larga experiencia y destreza para dar vida a la visi\u00f3n de dise\u00f1adores y arquitectos, le ha llevado a trabajar en proyectos por distintas partes del mundo para importantes cadenas hoteleras, instituciones p\u00fablicas y privadas, embarcaciones particulares, restaurantes y diferentes corporaciones. Destaca su versatilidad a la hora de adaptarse a cualquier espacio, ya sea [&hellip;]<\/p>\n","protected":false},"author":1,"featured_media":0,"parent":0,"menu_order":0,"comment_status":"closed","ping_status":"closed","template":"","meta":{"footnotes":""},"class_list":["post-28","page","type-page","status-publish","hentry"],"_links":{"self":[{"href":"https:\/\/juanfranco.studio\/index.php?rest_route=\/wp\/v2\/pages\/28","targetHints":{"allow":["GET"]}}],"collection":[{"href":"https:\/\/juanfranco.studio\/index.php?rest_route=\/wp\/v2\/pages"}],"about":[{"href":"https:\/\/juanfranco.studio\/index.php?rest_route=\/wp\/v2\/types\/page"}],"author":[{"embeddable":true,"href":"https:\/\/juanfranco.studio\/index.php?rest_route=\/wp\/v2\/users\/1"}],"replies":[{"embeddable":true,"href":"https:\/\/juanfranco.studio\/index.php?rest_route=%2Fwp%2Fv2%2Fcomments&post=28"}],"version-history":[{"count":124,"href":"https:\/\/juanfranco.studio\/index.php?rest_route=\/wp\/v2\/pages\/28\/revisions"}],"predecessor-version":[{"id":1770,"href":"https:\/\/juanfranco.studio\/index.php?rest_route=\/wp\/v2\/pages\/28\/revisions\/1770"}],"wp:attachment":[{"href":"https:\/\/juanfranco.studio\/index.php?rest_route=%2Fwp%2Fv2%2Fmedia&parent=28"}],"curies":[{"name":"wp","href":"https:\/\/api.w.org\/{rel}","templated":true}]}}